{"id":721,"date":"2026-02-05T12:00:36","date_gmt":"2026-02-05T12:00:36","guid":{"rendered":"https:\/\/derwaldrauscht.de\/?page_id=721"},"modified":"2026-02-05T13:44:47","modified_gmt":"2026-02-05T13:44:47","slug":"startseite-copy","status":"publish","type":"page","link":"https:\/\/derwaldrauscht.de\/?page_id=721","title":{"rendered":"Die Fl\u00e4che"},"content":{"rendered":"\n<p><\/p>\n\n\n\n<p class=\"has-text-align-center\"> Stahlfeder mit Tusche auf Papier<\/p>\n\n\n\n<p>Ein Ort im Wald. Auf dieser Fl\u00e4che standen bis 2024 Fichten. Wie viele andere Monokulturen aus Fichten wurden auch sie vom Borkenk\u00e4fer befallen. Dieser recht steile Hang in einem Mittelgebirge ist nun sich selbst \u00fcberlassen. Nachdem die gro\u00dfen St\u00e4mme ger\u00e4umt wurden, blieben nur abges\u00e4gte St\u00fcmpfe, d\u00fcnne \u00c4ste und einige wenige \u00dcberbleibsel des vergangenen Waldes \u00fcbrig. Um diese Fl\u00e4che herum stehen Buchen, Eichen, Fichten und Birken. Sie wird sich selbst \u00fcberlassen. Ich fotografiere sie in unregelm\u00e4\u00dfigen Abst\u00e4nden und zeichne sowie dokumentiere mit Feder und Tusche ihre Entwicklung.<\/p>\n\n\n<div class=\"wp-block-image\">\n<figure class=\"aligncenter size-large\"><img loading=\"lazy\" width=\"808\" height=\"1024\" src=\"http:\/\/derwaldrauscht.de\/wp-content\/uploads\/2026\/02\/wp-Flaeche1-808x1024.jpg\" alt=\"\" class=\"wp-image-724\" srcset=\"https:\/\/derwaldrauscht.de\/wp-content\/uploads\/2026\/02\/wp-Flaeche1-808x1024.jpg 808w, https:\/\/derwaldrauscht.de\/wp-content\/uploads\/2026\/02\/wp-Flaeche1-237x300.jpg 237w, https:\/\/derwaldrauscht.de\/wp-content\/uploads\/2026\/02\/wp-Flaeche1-768x973.jpg 768w, https:\/\/derwaldrauscht.de\/wp-content\/uploads\/2026\/02\/wp-Flaeche1.jpg 821w\" sizes=\"(max-width: 767px) 89vw, (max-width: 1000px) 54vw, (max-width: 1071px) 543px, 580px\" \/><\/figure><\/div>\n\n<div class=\"wp-block-image\">\n<figure class=\"aligncenter size-large\"><img loading=\"lazy\" width=\"770\" height=\"1024\" src=\"http:\/\/derwaldrauscht.de\/wp-content\/uploads\/2026\/02\/wp-FlaecheWinter2-770x1024.jpg\" alt=\"\" class=\"wp-image-726\" srcset=\"https:\/\/derwaldrauscht.de\/wp-content\/uploads\/2026\/02\/wp-FlaecheWinter2-770x1024.jpg 770w, https:\/\/derwaldrauscht.de\/wp-content\/uploads\/2026\/02\/wp-FlaecheWinter2-226x300.jpg 226w, https:\/\/derwaldrauscht.de\/wp-content\/uploads\/2026\/02\/wp-FlaecheWinter2-768x1021.jpg 768w, https:\/\/derwaldrauscht.de\/wp-content\/uploads\/2026\/02\/wp-FlaecheWinter2.jpg 812w\" sizes=\"(max-width: 767px) 89vw, (max-width: 1000px) 54vw, (max-width: 1071px) 543px, 580px\" \/><\/figure><\/div>\n\n<div class=\"wp-block-image\">\n<figure class=\"aligncenter size-large\"><img loading=\"lazy\" width=\"799\" height=\"1024\" src=\"http:\/\/derwaldrauscht.de\/wp-content\/uploads\/2026\/02\/wp-FlaecheAugust3-799x1024.jpg\" alt=\"\" class=\"wp-image-725\" srcset=\"https:\/\/derwaldrauscht.de\/wp-content\/uploads\/2026\/02\/wp-FlaecheAugust3-799x1024.jpg 799w, https:\/\/derwaldrauscht.de\/wp-content\/uploads\/2026\/02\/wp-FlaecheAugust3-234x300.jpg 234w, https:\/\/derwaldrauscht.de\/wp-content\/uploads\/2026\/02\/wp-FlaecheAugust3-768x985.jpg 768w, https:\/\/derwaldrauscht.de\/wp-content\/uploads\/2026\/02\/wp-FlaecheAugust3.jpg 808w\" sizes=\"(max-width: 767px) 89vw, (max-width: 1000px) 54vw, (max-width: 1071px) 543px, 580px\" \/><\/figure><\/div>\n\n\n<p class=\"has-text-align-center\"><\/p>\n","protected":false},"excerpt":{"rendered":"<p>Stahlfeder mit Tusche auf Papier Ein Ort im Wald. Auf dieser Fl\u00e4che standen bis 2024 Fichten. Wie viele andere Monokulturen aus Fichten wurden auch sie vom Borkenk\u00e4fer befallen. Dieser recht steile Hang in einem Mittelgebirge ist nun sich selbst \u00fcberlassen. Nachdem die gro\u00dfen St\u00e4mme ger\u00e4umt wurden, blieben nur abges\u00e4gte St\u00fcmpfe, d\u00fcnne \u00c4ste und einige wenige &hellip; <\/p>\n<p class=\"link-more\"><a href=\"https:\/\/derwaldrauscht.de\/?page_id=721\" class=\"more-link\"><span class=\"screen-reader-text\">\u201eDie Fl\u00e4che\u201c<\/span> weiterlesen<\/a><\/p>\n","protected":false},"author":1,"featured_media":0,"parent":0,"menu_order":0,"comment_status":"closed","ping_status":"closed","template":"","meta":{"ngg_post_thumbnail":0},"_links":{"self":[{"href":"https:\/\/derwaldrauscht.de\/index.php?rest_route=\/wp\/v2\/pages\/721"}],"collection":[{"href":"https:\/\/derwaldrauscht.de\/index.php?rest_route=\/wp\/v2\/pages"}],"about":[{"href":"https:\/\/derwaldrauscht.de\/index.php?rest_route=\/wp\/v2\/types\/page"}],"author":[{"embeddable":true,"href":"https:\/\/derwaldrauscht.de\/index.php?rest_route=\/wp\/v2\/users\/1"}],"replies":[{"embeddable":true,"href":"https:\/\/derwaldrauscht.de\/index.php?rest_route=%2Fwp%2Fv2%2Fcomments&post=721"}],"version-history":[{"count":4,"href":"https:\/\/derwaldrauscht.de\/index.php?rest_route=\/wp\/v2\/pages\/721\/revisions"}],"predecessor-version":[{"id":738,"href":"https:\/\/derwaldrauscht.de\/index.php?rest_route=\/wp\/v2\/pages\/721\/revisions\/738"}],"wp:attachment":[{"href":"https:\/\/derwaldrauscht.de\/index.php?rest_route=%2Fwp%2Fv2%2Fmedia&parent=721"}],"curies":[{"name":"wp","href":"https:\/\/api.w.org\/{rel}","templated":true}]}}