{"id":337,"date":"2021-03-29T10:23:43","date_gmt":"2021-03-29T10:23:43","guid":{"rendered":"http:\/\/derwaldrauscht.de\/?page_id=337"},"modified":"2022-09-11T08:57:47","modified_gmt":"2022-09-11T08:57:47","slug":"technik","status":"publish","type":"page","link":"https:\/\/derwaldrauscht.de\/?page_id=337","title":{"rendered":"Making of"},"content":{"rendered":"\n<p>Making of<\/p>\n\n\n\n<p>Meine Werkzeuge sind Feder, Tusche und Papier. Ich laufe viel durch W\u00e4lder und schaue mir ihre typischen Erscheinungsformen an. Auf den Wanderungen schie\u00dfe ich Fotos. Diese werden gesichtet und sortiert und schlie\u00dflich w\u00e4hle ich Eines aus, das ich dann auf das gew\u00fcnschte Format ausdrucken lasse.&nbsp;<\/p>\n\n\n\n<p>Auf dem Leuchttisch werden die groben Kompositionen auf 300g Aquarell Papier \u00fcbertragen: Markante B\u00e4ume mit ihren dicken \u00c4sten oder die Baumkronen als Umri\u00df oder Steine und evtl. die Horizontlinie.&nbsp;<\/p>\n\n\n\n<p>Die grobe Bleistift Vorzeichnung wird nun mit Feder und Tusche bearbeitet. Das Foto dient weiterhin als Orientierung. Bl\u00e4tter, Nadeln, Moose, Gras und kleine \u00c4ste entstehen aber spontan und im Augenblick, ohne Vorahnung und genaue Vorzeichnung. Manchmal ist das Foto unscharf und l\u00e4sst Strukturen nur erahnen.&nbsp;<\/p>\n\n\n\n<p>Die Feder und die Tusche erfordern h\u00f6chste Konzentration in jedem Augenblick und lassen sich kaum korrigieren. Dabei bleibt die \u00dcbertragung der Natur, so detailreich sie auch scheinen mag, Vereinfachung.<\/p>\n\n\n\n<figure class=\"wp-block-embed aligncenter is-type-video is-provider-vimeo wp-block-embed-vimeo wp-embed-aspect-1-1 wp-has-aspect-ratio\"><div class=\"wp-block-embed__wrapper\">\n<iframe loading=\"lazy\" title=\"ink drawing K&amp;ouml;nigsforst \/ by R&amp;uuml;diger Tillmann\" src=\"https:\/\/player.vimeo.com\/video\/747157687?h=ccc82552bf&amp;dnt=1&amp;app_id=122963\" width=\"525\" height=\"525\" frameborder=\"0\" allow=\"autoplay; fullscreen; picture-in-picture\" allowfullscreen><\/iframe>\n<\/div><\/figure>\n\n\n\n<p>Film &amp;\u00a0Musik: Cosmocat Studios<br>Die Entstehung einer gro\u00dfformatigen Tuschezeichnung einer Kahlfl\u00e4che im K\u00f6nigsforst bei K\u00f6ln auf Aquarell B\u00fcttenkarton<\/p>\n\n\n\n<p> <iframe loading=\"lazy\" src=\"https:\/\/player.vimeo.com\/video\/566425269\" width=\"640\" height=\"360\" frameborder=\"0\" allow=\"autoplay; fullscreen; picture-in-picture\" allowfullscreen=\"\"> <\/iframe><\/p>\n\n\n\n<p>Film: Julia Rieck<br>Musik: Mario Mensch<br>Die Entstehung einer gro\u00dfformatigen Tuschezeichnung einer schwedischen Kahlfl\u00e4che auf Aquarell B\u00fcttenkarton von Oktober 2020 bis Februar 2021<\/p>\n\n\n\n<p><\/p>\n","protected":false},"excerpt":{"rendered":"<p>Making of Meine Werkzeuge sind Feder, Tusche und Papier. Ich laufe viel durch W\u00e4lder und schaue mir ihre typischen Erscheinungsformen an. Auf den Wanderungen schie\u00dfe ich Fotos. Diese werden gesichtet und sortiert und schlie\u00dflich w\u00e4hle ich Eines aus, das ich dann auf das gew\u00fcnschte Format ausdrucken lasse.&nbsp; Auf dem Leuchttisch werden die groben Kompositionen auf &hellip; <\/p>\n<p class=\"link-more\"><a href=\"https:\/\/derwaldrauscht.de\/?page_id=337\" class=\"more-link\"><span class=\"screen-reader-text\">\u201eMaking of\u201c<\/span> weiterlesen<\/a><\/p>\n","protected":false},"author":1,"featured_media":0,"parent":0,"menu_order":0,"comment_status":"closed","ping_status":"closed","template":"","meta":{"ngg_post_thumbnail":0},"_links":{"self":[{"href":"https:\/\/derwaldrauscht.de\/index.php?rest_route=\/wp\/v2\/pages\/337"}],"collection":[{"href":"https:\/\/derwaldrauscht.de\/index.php?rest_route=\/wp\/v2\/pages"}],"about":[{"href":"https:\/\/derwaldrauscht.de\/index.php?rest_route=\/wp\/v2\/types\/page"}],"author":[{"embeddable":true,"href":"https:\/\/derwaldrauscht.de\/index.php?rest_route=\/wp\/v2\/users\/1"}],"replies":[{"embeddable":true,"href":"https:\/\/derwaldrauscht.de\/index.php?rest_route=%2Fwp%2Fv2%2Fcomments&post=337"}],"version-history":[{"count":10,"href":"https:\/\/derwaldrauscht.de\/index.php?rest_route=\/wp\/v2\/pages\/337\/revisions"}],"predecessor-version":[{"id":550,"href":"https:\/\/derwaldrauscht.de\/index.php?rest_route=\/wp\/v2\/pages\/337\/revisions\/550"}],"wp:attachment":[{"href":"https:\/\/derwaldrauscht.de\/index.php?rest_route=%2Fwp%2Fv2%2Fmedia&parent=337"}],"curies":[{"name":"wp","href":"https:\/\/api.w.org\/{rel}","templated":true}]}}