{"id":300,"date":"2020-11-14T13:27:11","date_gmt":"2020-11-14T13:27:11","guid":{"rendered":"http:\/\/derwaldrauscht.de\/?page_id=300"},"modified":"2021-05-07T15:16:59","modified_gmt":"2021-05-07T15:16:59","slug":"fine-art-print","status":"publish","type":"page","link":"https:\/\/derwaldrauscht.de\/?page_id=300","title":{"rendered":"Fine Art Print"},"content":{"rendered":"\n<p><strong>Fine Art Print<\/strong><\/p>\n\n\n\n<p>Sie werden als FineArtPrints auf <em>Hahnem\u00fchle PhotoRag Papier<\/em> im digitalen Verfahren gedruckt. Auf Anfrage sind auch die Originale zu erwerben.<\/p>\n\n\n\n<p>Die Drucke gew\u00e4hrleisten hervorragende&nbsp; Graustufendarstellung und Haltbarkeit und sind auf Anfrage per Mail zu bestellen. Ich freue mich \u00fcber Ihr Interesse an meiner Arbeit und gerne beantworte ich Ihre Anfragen \u00fcber info@derwaldrauscht.de. Dar\u00fcber werden dann auch die Bankverbindung und die Abwicklung geregelt. Alle Prints werden handsigniert. Ich bem\u00fche mich die Anfragen z\u00fcgig zu bearbeiten.<\/p>\n\n\n\n<p>Ein Beispiel in den zwei Standardgr\u00f6\u00dfen:<\/p>\n\n\n\n<p><em>Format 1 ( Gro\u00df) :\u00a0 <\/em><\/p>\n\n\n\n<p><em>Aussenma\u00dfe: 40 x 60<\/em><br><em> bedruckte Fl\u00e4che: 34 x 47<\/em><br><em> Preis, incl. 19 % Mwst: 220 \u20ac<\/em><br><em> Verpackung\/Versand: (D) 9,38 \u20ac<\/em><br><em> Verpackung\/Versand:\u00a0 (EU): 19,88 \u20ac<\/em><\/p>\n\n\n\n<figure class=\"wp-block-image\"><img loading=\"lazy\" width=\"2306\" height=\"2991\" src=\"http:\/\/derwaldrauscht.de\/wp-content\/uploads\/2021\/04\/Ich-Print-gross-wp.jpg\" alt=\"\" class=\"wp-image-340\" srcset=\"https:\/\/derwaldrauscht.de\/wp-content\/uploads\/2021\/04\/Ich-Print-gross-wp.jpg 2306w, https:\/\/derwaldrauscht.de\/wp-content\/uploads\/2021\/04\/Ich-Print-gross-wp-231x300.jpg 231w, https:\/\/derwaldrauscht.de\/wp-content\/uploads\/2021\/04\/Ich-Print-gross-wp-768x996.jpg 768w, https:\/\/derwaldrauscht.de\/wp-content\/uploads\/2021\/04\/Ich-Print-gross-wp-789x1024.jpg 789w\" sizes=\"(max-width: 767px) 89vw, (max-width: 1000px) 54vw, (max-width: 1071px) 543px, 580px\" \/><\/figure>\n\n\n\n<p><\/p>\n\n\n\n<p><em>Format 2 ( Klein) :\u00a0<\/em><\/p>\n\n\n\n<p><em>Aussenma\u00dfe: 30 x 40<\/em><br><em> bedruckte Fl\u00e4che: 25 x 35<\/em><br><em> Preis, incl. 19 % Mwst: 160\u00a0 \u20ac<\/em><br><em> Verpackung\/Versand: (D) 9,38 \u20ac<\/em><br><em> Verpackung\/Versand:\u00a0 (EU): 19,88 \u20ac<\/em><\/p>\n\n\n\n<p><\/p>\n\n\n\n<figure class=\"wp-block-image\"><img loading=\"lazy\" width=\"3024\" height=\"3722\" src=\"http:\/\/derwaldrauscht.de\/wp-content\/uploads\/2021\/04\/Ich-Print-klein-wp.jpg\" alt=\"\" class=\"wp-image-341\" srcset=\"https:\/\/derwaldrauscht.de\/wp-content\/uploads\/2021\/04\/Ich-Print-klein-wp.jpg 3024w, https:\/\/derwaldrauscht.de\/wp-content\/uploads\/2021\/04\/Ich-Print-klein-wp-244x300.jpg 244w, https:\/\/derwaldrauscht.de\/wp-content\/uploads\/2021\/04\/Ich-Print-klein-wp-768x945.jpg 768w, https:\/\/derwaldrauscht.de\/wp-content\/uploads\/2021\/04\/Ich-Print-klein-wp-832x1024.jpg 832w\" sizes=\"(max-width: 767px) 89vw, (max-width: 1000px) 54vw, (max-width: 1071px) 543px, 580px\" \/><\/figure>\n","protected":false},"excerpt":{"rendered":"<p>Fine Art Print Sie werden als FineArtPrints auf Hahnem\u00fchle PhotoRag Papier im digitalen Verfahren gedruckt. Auf Anfrage sind auch die Originale zu erwerben. Die Drucke gew\u00e4hrleisten hervorragende&nbsp; Graustufendarstellung und Haltbarkeit und sind auf Anfrage per Mail zu bestellen. Ich freue mich \u00fcber Ihr Interesse an meiner Arbeit und gerne beantworte ich Ihre Anfragen \u00fcber info@derwaldrauscht.de. &hellip; <\/p>\n<p class=\"link-more\"><a href=\"https:\/\/derwaldrauscht.de\/?page_id=300\" class=\"more-link\"><span class=\"screen-reader-text\">\u201eFine Art Print\u201c<\/span> weiterlesen<\/a><\/p>\n","protected":false},"author":1,"featured_media":0,"parent":0,"menu_order":0,"comment_status":"closed","ping_status":"closed","template":"","meta":{"ngg_post_thumbnail":0},"_links":{"self":[{"href":"https:\/\/derwaldrauscht.de\/index.php?rest_route=\/wp\/v2\/pages\/300"}],"collection":[{"href":"https:\/\/derwaldrauscht.de\/index.php?rest_route=\/wp\/v2\/pages"}],"about":[{"href":"https:\/\/derwaldrauscht.de\/index.php?rest_route=\/wp\/v2\/types\/page"}],"author":[{"embeddable":true,"href":"https:\/\/derwaldrauscht.de\/index.php?rest_route=\/wp\/v2\/users\/1"}],"replies":[{"embeddable":true,"href":"https:\/\/derwaldrauscht.de\/index.php?rest_route=%2Fwp%2Fv2%2Fcomments&post=300"}],"version-history":[{"count":13,"href":"https:\/\/derwaldrauscht.de\/index.php?rest_route=\/wp\/v2\/pages\/300\/revisions"}],"predecessor-version":[{"id":379,"href":"https:\/\/derwaldrauscht.de\/index.php?rest_route=\/wp\/v2\/pages\/300\/revisions\/379"}],"wp:attachment":[{"href":"https:\/\/derwaldrauscht.de\/index.php?rest_route=%2Fwp%2Fv2%2Fmedia&parent=300"}],"curies":[{"name":"wp","href":"https:\/\/api.w.org\/{rel}","templated":true}]}}