{"id":183,"date":"2019-09-10T13:27:30","date_gmt":"2019-09-10T13:27:30","guid":{"rendered":"http:\/\/derwaldrauscht.de\/?page_id=183"},"modified":"2026-02-05T13:43:04","modified_gmt":"2026-02-05T13:43:04","slug":"ueber-mich","status":"publish","type":"page","link":"https:\/\/derwaldrauscht.de\/?page_id=183","title":{"rendered":"\u00dcber mich"},"content":{"rendered":"\n<figure class=\"wp-block-image\"><img loading=\"lazy\" width=\"1024\" height=\"683\" src=\"http:\/\/derwaldrauscht.de\/wp-content\/uploads\/2019\/09\/DSC00938-1024x683.jpg\" alt=\"\" class=\"wp-image-230\" srcset=\"https:\/\/derwaldrauscht.de\/wp-content\/uploads\/2019\/09\/DSC00938-1024x683.jpg 1024w, https:\/\/derwaldrauscht.de\/wp-content\/uploads\/2019\/09\/DSC00938-300x200.jpg 300w, https:\/\/derwaldrauscht.de\/wp-content\/uploads\/2019\/09\/DSC00938-768x512.jpg 768w\" sizes=\"(max-width: 767px) 89vw, (max-width: 1000px) 54vw, (max-width: 1071px) 543px, 580px\" \/><\/figure>\n\n\n\n<p>Ich bin auf einem Bauernhof im Sauerland (NRW) aufgewachsen. Der Wald begann dort direkt vor der Haust\u00fcr. F\u00fcr mich war er von klein auf sowohl Spielplatz als auch Arbeitsplatz. Er wurde mit Trecker, Seilwinde und Spaltaxt bearbeitet.<br>Als Arbeitsplatz f\u00fchlte er sich anders an, als wenn ich dort allein war, um seine Atmosph\u00e4re zu genie\u00dfen, zu laufen und au\u00dfer Rufweite des Bauernhofs und der damit verbundenen Pflichten zu sein.<\/p>\n\n\n\n<p>Der Wald ver\u00e4ndert sein Aussehen eigentlich sehr langsam. Ist er krank, gibt es Sturm oder wird er stark bearbeitet, ver\u00e4ndert es sich allerdings mitunter sehr schnell.&nbsp;Das f\u00fchrt zu seinen unterschiedlichen Gesichtern.<\/p>\n\n\n\n<p>Bevor ich das so bewu\u00dft sehen konnte habe ich die Grundschule, Realschule, das Gymnasium und die Fachoberschule f\u00fcr Land und Gartenbau besucht, um dann in D\u00fcsseldorf, M\u00fcnster und an der&nbsp;Hochschule f\u00fcr angewandte Wissenschaften in Hamburg Illustration zu studieren.&nbsp;<\/p>\n\n\n\n<p>2015 wohnte ich eine zeitlang in Sm\u00e5land (Schweden) und somit wieder im Wald. Da fing ich an ihn zu zeichnen.<\/p>\n\n\n\n<p>Studium der Grafik und der Illustration in D\u00fcsseldorf, M\u00fcnster und an der HAW in Hamburg und Erfahrungen als Fabrikarbeiter, Landschaftsg\u00e4rtner, Reinigungskraft, Barkeeper, Flugzeugsitztester, Gaslecksucher, Postarbeiter, Handmodell, Komparse, Weihnachstbaumverk\u00e4ufer, R\u00f6ntgenbildsortierer, Bodenprobenentnehmer u.a gesammelt.<\/p>\n\n\n\n<p class=\"has-vivid-red-color has-text-color\"><strong>===<\/strong> <a rel=\"noreferrer noopener\" aria-label=\"Instagram - Waldskizzen (\u00f6ffnet in neuem Tab)\" href=\"http:\/\/www.instagram.com\/ruediger_tillmann\/\" target=\"_blank\">Instagram &#8211; Waldskizzen<\/a><\/p>\n\n\n\n<p class=\"has-vivid-red-color has-text-color\"><strong>===<\/strong> <a href=\"https:\/\/www.deutschlandfunkkultur.de\/ruediger-tillmann-chronist-des-waldes-dlf-kultur-ae685c3c-100.html\" target=\"_blank\" rel=\"noreferrer noopener\">Deutschlandfunk Kultur<\/a><\/p>\n\n\n\n<p class=\"has-vivid-red-color has-text-color\"><strong>===<\/strong> <a rel=\"noreferrer noopener\" aria-label=\"&quot;Die feinen Strukturen des Waldes&quot; (Interview mit der Naturwald-Akademie) (\u00f6ffnet in neuem Tab)\" href=\"https:\/\/naturwald-akademie.org\/waldwissen\/walddiskurs\/die-feinen-strukturen-des-waldes\/\" target=\"_blank\">&#8222;Die feinen Strukturen des Waldes&#8220; (Interview mit der Naturwald-Akademie)<\/a><\/p>\n\n\n\n<p class=\"has-vivid-red-color has-text-color\"><strong>===<\/strong> <a href=\"https:\/\/www.ndr.de\/fernsehen\/sendungen\/nordtour\/der-wohldorfer-wald-durch-die-augen-von-ruediger-tillman,nordtour-620.html\" target=\"_blank\" rel=\"noreferrer noopener\">NDR<\/a><\/p>\n\n\n\n<p>Ausstellungen \/ Stipendien:\u00a0\u00a0<\/p>\n\n\n\n<p>2026   \u00bbMycelium\u00ab eine Ausstellung von Monika Lioba Lang und R\u00fcdiger Tillmann im Kunstwerk K\u00f6ln, Vernissage 06.02 \/ 19 Uhr mit Dr. Petra Oelschl\u00e4gel<br>Finissage 22.02 \/ 16 Uhr mit John Hughes (Kontrabass)<br>Deutz-M\u00fchlheimer Strasse 115<\/p>\n\n\n\n<p>2025&nbsp;&nbsp;&nbsp;Preis f\u00fcr Moorkunst durch die&nbsp;Andrea-von-Braun-Stiftung und die Universit\u00e4t M\u00fcnster und Universit\u00e4t Siegen mit Ver\u00f6ffentlichung des Motivs als Cover f\u00fcr den lyrischen Bildband \u00bbMoorgefl\u00fcster\u00ab 2026 im Oekom Verlag.<\/p>\n\n\n\n<p>2025&nbsp;&nbsp;&nbsp;Ausstellung \u00bbDer Wald rauscht\u00ab im \u00bbBrookhus\u00ab des NABU im Duvenstedter Brook. Farbige Aquarell- und Tuscheskizzen und FineArtPrints.<\/p>\n\n\n\n<p>2025&nbsp;&nbsp;&nbsp;Gemeinschaftssausstellung in der Multiple Box mit Thomas Kunadt, Dos Pfeil (Doris Pfeil) und Attak (Georg Barber) zum Nature Writing Festival 2025 Hamburg<\/p>\n\n\n\n<p>2025&nbsp;&nbsp;&nbsp;Stadt, Land, Fluss, Gespr\u00e4ch und Ausstellung mit Karl-Heinz G\u00f6ttert im \u00bbEt Kapellche\u00ab, K\u00f6ln M\u00fchlheim<\/p>\n\n\n\n<p>2024&nbsp;&nbsp;&nbsp;Ausstellung \u00bbWald\u00ab in der \u00d6kologiestation des Kreises Unna<\/p>\n\n\n\n<p>2024&nbsp;&nbsp;&nbsp;Ausstellung \u00bbWaldsichten\u00ab mit Stephan Conrady, Nue Amman und Claus-Peter Lieckfeld im Blauen Haus in Die\u00dfen am Ammersee<\/p>\n\n\n\n<p>2024&nbsp;&nbsp;&nbsp;\u201cEuropean Landscapes\u201c, K\u00f6lner B\u00fccherfest im \u00bbAlten Pfandhaus\u00ab, K\u00f6ln.<\/p>\n\n\n\n<p>2024&nbsp;&nbsp;&nbsp;Ausstellung \u00bbWaldbilder\u00ab und CD Cover Pr\u00e4sentation zusammen mit \u00bbGravelshard\u00ab in der alten Druckerei Ottensen<\/p>\n\n\n\n<p>2024&nbsp;&nbsp;&nbsp; Teilnahme an der multimedialen Instalallation \u00bbHochschwarzwald\u00ab mit Kathrin K\u00f6hler und DosPfeil im Hinterconti Hamburg<\/p>\n\n\n\n<p>2024&nbsp;&nbsp;&nbsp; Ausstellung&nbsp;\u00bbder Wald rauscht\u00ab im W\u00e4lderhaus Wilhelmsburg<\/p>\n\n\n\n<p>2022&nbsp;&nbsp;&nbsp; Ausstellung \u00bbder Wald rauscht\u00ab im Heideportal Turmhof, R\u00f6srath<\/p>\n\n\n\n<p>2021&nbsp;&nbsp;&nbsp; Stipendium der Stiftung Bild Kunst Kulturwerk&nbsp;<\/p>\n\n\n\n<p>2021&nbsp;&nbsp;&nbsp; Stipendiat f\u00fcr Bildende Kunst der Roger Willemsen Stiftung (mare K\u00fcnstlerhaus)<\/p>\n\n\n\n<p>2020&nbsp;&nbsp;&nbsp; B\u00fccherhallen Niendorf<\/p>\n\n\n\n<p>2020&nbsp;&nbsp;&nbsp; \u00bbNaturum\u00ab G\u00f6hrde (Naturmuseum in der G\u00f6hrde\/Wendland)<\/p>\n\n\n\n<p>2019&nbsp;&nbsp;&nbsp; Weltcafe Elbfaire\/Hamburg &#8211; Vernissage am 2. 10. um 19 Uhr in    der Shanghaiallee 12.<\/p>\n\n\n\n<p>2019&nbsp;&nbsp;&nbsp; Gemeinschaftsaustellung in der Galleri S\u00f6reskog (Sm\u00e5land)<\/p>\n\n\n\n<p>2019&nbsp;&nbsp;&nbsp; Doshisha Womens\u2019s College of Liberal Arts Kyoto<\/p>\n\n\n\n<p>2018&nbsp;&nbsp;&nbsp; Gemeinschaftsausstellung\u00bben rejse mod norden\u00ab im slesvig roklub in Schleswig<\/p>\n\n\n\n<p>2018&nbsp;&nbsp;&nbsp; Elin W\u00e4gner Arbeitstipendium in Berg\/ V\u00e4xj\u00f6 (Schweden) und Ausstellung in der Lilla Bj\u00f6rka<\/p>\n\n\n\n<p>2018&nbsp;&nbsp;&nbsp; N\u00f8rden Festival in Schleswig <\/p>\n\n\n\n<p>2018&nbsp;&nbsp;&nbsp; Galerie Bouquet in Hamburg&nbsp;<\/p>\n\n\n\n<p>2017&nbsp;&nbsp;&nbsp; Ausstellung und Katalog \u00bbWald \u2013 Zeichnungen einer Landschaft\u00ab in der Kulturb\u00e4ckerei L\u00fcneburg&nbsp;<\/p>\n\n\n\n<p>2016&nbsp;&nbsp;&nbsp; F\u00f6rderung des Projekts \u00bbWald \u2013 Zeichnungen einer Landschaft\u00ab durch eine Hamburger Stiftung<\/p>\n\n\n\n<p>2015&nbsp;&nbsp;&nbsp; Lehrstipendium (dock europe) an der Bergundaskolan in V\u00e4xj\u00f6\/Sm\u00e5land &#8211; erste Tuschezeichnungen<\/p>\n","protected":false},"excerpt":{"rendered":"<p>Ich bin auf einem Bauernhof im Sauerland (NRW) aufgewachsen. Der Wald begann dort direkt vor der Haust\u00fcr. F\u00fcr mich war er von klein auf sowohl Spielplatz als auch Arbeitsplatz. Er wurde mit Trecker, Seilwinde und Spaltaxt bearbeitet.Als Arbeitsplatz f\u00fchlte er sich anders an, als wenn ich dort allein war, um seine Atmosph\u00e4re zu genie\u00dfen, zu &hellip; <\/p>\n<p class=\"link-more\"><a href=\"https:\/\/derwaldrauscht.de\/?page_id=183\" class=\"more-link\"><span class=\"screen-reader-text\">\u201e\u00dcber mich\u201c<\/span> weiterlesen<\/a><\/p>\n","protected":false},"author":1,"featured_media":0,"parent":0,"menu_order":0,"comment_status":"closed","ping_status":"closed","template":"","meta":{"ngg_post_thumbnail":0},"_links":{"self":[{"href":"https:\/\/derwaldrauscht.de\/index.php?rest_route=\/wp\/v2\/pages\/183"}],"collection":[{"href":"https:\/\/derwaldrauscht.de\/index.php?rest_route=\/wp\/v2\/pages"}],"about":[{"href":"https:\/\/derwaldrauscht.de\/index.php?rest_route=\/wp\/v2\/types\/page"}],"author":[{"embeddable":true,"href":"https:\/\/derwaldrauscht.de\/index.php?rest_route=\/wp\/v2\/users\/1"}],"replies":[{"embeddable":true,"href":"https:\/\/derwaldrauscht.de\/index.php?rest_route=%2Fwp%2Fv2%2Fcomments&post=183"}],"version-history":[{"count":62,"href":"https:\/\/derwaldrauscht.de\/index.php?rest_route=\/wp\/v2\/pages\/183\/revisions"}],"predecessor-version":[{"id":737,"href":"https:\/\/derwaldrauscht.de\/index.php?rest_route=\/wp\/v2\/pages\/183\/revisions\/737"}],"wp:attachment":[{"href":"https:\/\/derwaldrauscht.de\/index.php?rest_route=%2Fwp%2Fv2%2Fmedia&parent=183"}],"curies":[{"name":"wp","href":"https:\/\/api.w.org\/{rel}","templated":true}]}}